{"id":277,"date":"2023-03-23T07:52:03","date_gmt":"2023-03-23T07:52:03","guid":{"rendered":"https:\/\/ingenieriafyr.com\/?page_id=277"},"modified":"2023-04-23T08:39:24","modified_gmt":"2023-04-23T08:39:24","slug":"home-5","status":"publish","type":"page","link":"https:\/\/ingenieriafyr.com\/?page_id=277","title":{"rendered":"blog"},"content":{"rendered":"\n<div class=\"wp-block-cover alignfull is-light\" style=\"margin-top:0;margin-bottom:0;padding-top:0;padding-right:0;padding-bottom:0;padding-left:0;min-height:438px;aspect-ratio:unset;\"><span aria-hidden=\"true\" class=\"wp-block-cover__background has-background-dim-0 has-background-dim\"><\/span><img fetchpriority=\"high\" decoding=\"async\" width=\"1920\" height=\"667\" class=\"wp-block-cover__image-background wp-image-278\" alt=\"\" src=\"https:\/\/ingenieriafyr.com\/wp-content\/uploads\/2023\/03\/banner_blog.webp\" data-object-fit=\"cover\" srcset=\"https:\/\/ingenieriafyr.com\/wp-content\/uploads\/2023\/03\/banner_blog.webp 1920w, https:\/\/ingenieriafyr.com\/wp-content\/uploads\/2023\/03\/banner_blog-300x104.webp 300w, https:\/\/ingenieriafyr.com\/wp-content\/uploads\/2023\/03\/banner_blog-1024x356.webp 1024w, https:\/\/ingenieriafyr.com\/wp-content\/uploads\/2023\/03\/banner_blog-768x267.webp 768w, https:\/\/ingenieriafyr.com\/wp-content\/uploads\/2023\/03\/banner_blog-1536x534.webp 1536w\" sizes=\"(max-width: 1920px) 100vw, 1920px\" \/><div class=\"wp-block-cover__inner-container is-layout-flow wp-block-cover-is-layout-flow\">\n<div class=\"inherit-container-width wp-block-group is-layout-constrained wp-block-group-is-layout-constrained\">\n<h1 class=\"wp-block-heading has-text-align-center has-white-color has-text-color\">Blog<\/h1>\n\n\n\n<hr class=\"wp-block-separator has-text-color has-ast-global-color-7-color has-alpha-channel-opacity has-ast-global-color-7-background-color has-background is-style-wide\"\/>\n<\/div>\n<\/div><\/div>\n\n\n\n<div class=\"wp-block-group alignfull has-background is-content-justification-left is-layout-constrained wp-container-core-group-is-layout-9463d4ec wp-block-group-is-layout-constrained\" id=\"reviews\" style=\"background-color:#121212;padding-top:var(--wp--preset--spacing--80);padding-right:var(--wp--preset--spacing--70);padding-bottom:var(--wp--preset--spacing--50);padding-left:var(--wp--preset--spacing--70)\">\n<h2 class=\"wp-block-heading has-text-align-left\"><mark style=\"background-color:rgba(0, 0, 0, 0)\" class=\"has-inline-color has-ast-global-color-4-color\">Encuentra m\u00e1s informaci\u00f3n<\/mark><\/h2>\n\n\n\n<hr class=\"wp-block-separator has-text-color has-ast-global-color-7-color has-alpha-channel-opacity has-ast-global-color-7-background-color has-background is-style-wide\"\/>\n<\/div>\n\n\n\n<div class=\"wp-block-group alignfull has-background is-layout-constrained wp-container-core-group-is-layout-c1675f08 wp-block-group-is-layout-constrained\" id=\"reviews\" style=\"background-color:#121212;padding-top:var(--wp--preset--spacing--40);padding-right:var(--wp--preset--spacing--70);padding-bottom:0;padding-left:var(--wp--preset--spacing--70)\">\n<div class=\"wp-block-columns is-layout-flex wp-container-core-columns-is-layout-28f84493 wp-block-columns-is-layout-flex\">\n<div class=\"wp-block-column is-layout-flow wp-block-column-is-layout-flow\" style=\"border-top-color:var(--wp--preset--color--ast-global-color-4);border-right-color:var(--wp--preset--color--ast-global-color-4);border-bottom-color:var(--wp--preset--color--ast-global-color-7);border-left-color:var(--wp--preset--color--ast-global-color-4)\">\n<figure class=\"wp-block-image size-large is-resized\"><img decoding=\"async\" src=\"https:\/\/ingenieriafyr.com\/wp-content\/uploads\/2023\/03\/tanque-1024x768.webp\" alt=\"\" class=\"wp-image-156\" width=\"379\" height=\"288\"\/><figcaption class=\"wp-element-caption\"><a rel=\"noreferrer noopener\" href=\"https:\/\/ingenieriafyr.com\/que-es-un-tanque-septico\/\" target=\"_blank\"><mark style=\"background-color:rgba(0, 0, 0, 0)\" class=\"has-inline-color has-ast-global-color-4-color\"><strong>\u00bfQu\u00e9 Es Un Tanque S\u00e9ptico?<\/strong><\/mark><\/a> <\/figcaption><\/figure>\n\n\n\n<p class=\"has-text-align-left\" style=\"font-size:12px\"><mark style=\"background-color:rgba(0, 0, 0, 0)\" class=\"has-inline-color has-ast-global-color-4-color\">Por lo general, un tanque s\u00e9ptico se encuentra a un lado o en la parte posterior de su propiedad. Es un contenedor utilizado para almacenar&#8230;<\/mark><\/p>\n\n\n\n<p><a href=\"https:\/\/ingenieriafyr.com\/que-es-un-tanque-septico\/\" target=\"_blank\" rel=\"noreferrer noopener\"><mark style=\"background-color:rgba(0, 0, 0, 0)\" class=\"has-inline-color has-ast-global-color-7-color\">Leer m\u00e1s \u00bb<\/mark><\/a><\/p>\n<\/div>\n\n\n\n<div class=\"wp-block-column is-layout-flow wp-block-column-is-layout-flow\" style=\"border-top-color:var(--wp--preset--color--ast-global-color-4);border-right-color:var(--wp--preset--color--ast-global-color-4);border-bottom-color:var(--wp--preset--color--ast-global-color-7);border-left-color:var(--wp--preset--color--ast-global-color-4)\">\n<figure class=\"wp-block-image aligncenter size-large is-resized\"><img decoding=\"async\" src=\"https:\/\/ingenieriafyr.com\/wp-content\/uploads\/2023\/03\/co2-1024x673.webp\" alt=\"\" class=\"wp-image-157\" width=\"379\" height=\"288\"\/><figcaption class=\"wp-element-caption\"><a href=\"https:\/\/ingenieriafyr.com\/la-diferencia-entre-la-neutralidad-de-carbono-y-la-neta-cero\/\" target=\"_blank\" rel=\"noreferrer noopener\"><mark style=\"background-color:rgba(0, 0, 0, 0)\" class=\"has-inline-color has-ast-global-color-4-color\"><strong>La Diferencia Entre La Neutralidad De Carbono Y La Neta Cero<\/strong><\/mark><\/a><\/figcaption><\/figure>\n\n\n\n<p style=\"font-size:12px\"><mark style=\"background-color:rgba(0, 0, 0, 0)\" class=\"has-inline-color has-ast-global-color-4-color\">Obtener la huella de carbono de una empresa a cero se est\u00e1 convirtiendo en una prioridad para muchas empresas y gobiernos. Las empresas ahora est\u00e1n&#8230;<\/mark><\/p>\n\n\n\n<p><a href=\"https:\/\/ingenieriafyr.com\/la-diferencia-entre-la-neutralidad-de-carbono-y-la-neta-cero\/\" target=\"_blank\" rel=\"noreferrer noopener\"><mark style=\"background-color:rgba(0, 0, 0, 0)\" class=\"has-inline-color has-ast-global-color-7-color\">Leer m\u00e1s \u00bb<\/mark><\/a><\/p>\n<\/div>\n\n\n\n<div class=\"wp-block-column is-layout-flow wp-block-column-is-layout-flow\" style=\"border-top-color:var(--wp--preset--color--ast-global-color-4);border-right-color:var(--wp--preset--color--ast-global-color-4);border-bottom-color:var(--wp--preset--color--ast-global-color-7);border-left-color:var(--wp--preset--color--ast-global-color-4)\">\n<figure class=\"wp-block-image size-full is-resized\"><img loading=\"lazy\" decoding=\"async\" src=\"https:\/\/ingenieriafyr.com\/wp-content\/uploads\/2023\/03\/gruas-768x512-1.webp\" alt=\"\" class=\"wp-image-158\" width=\"379\" height=\"288\"\/><figcaption class=\"wp-element-caption\"><a href=\"https:\/\/ingenieriafyr.com\/gruas\/\"><mark style=\"background-color:rgba(0, 0, 0, 0)\" class=\"has-inline-color has-ast-global-color-4-color\"><strong>Gr\u00faas<\/strong><\/mark><\/a><\/figcaption><\/figure>\n\n\n\n<p style=\"font-size:12px\"><mark style=\"background-color:rgba(0, 0, 0, 0)\" class=\"has-inline-color has-ast-global-color-4-color\">Una gr\u00faa es una m\u00e1quina utilizada para levantar y distribuir cargas en un espacio suspendido por ganchos. Por tanto, las gr\u00faas son unas m\u00e1quinas que&#8230;<\/mark><\/p>\n\n\n\n<p><a href=\"https:\/\/ingenieriafyr.com\/gruas\/\" target=\"_blank\" rel=\"noreferrer noopener\"><mark style=\"background-color:rgba(0, 0, 0, 0)\" class=\"has-inline-color has-ast-global-color-7-color\">Leer m\u00e1s \u00bb<\/mark><\/a><\/p>\n<\/div>\n<\/div>\n<\/div>\n\n\n\n<div class=\"wp-block-group alignfull has-background is-layout-constrained wp-container-core-group-is-layout-c952b8c7 wp-block-group-is-layout-constrained\" id=\"reviews\" style=\"background-color:#121212;padding-top:var(--wp--preset--spacing--70);padding-right:var(--wp--preset--spacing--70);padding-bottom:var(--wp--preset--spacing--70);padding-left:var(--wp--preset--spacing--70)\">\n<div class=\"wp-block-columns is-layout-flex wp-container-core-columns-is-layout-28f84493 wp-block-columns-is-layout-flex\">\n<div class=\"wp-block-column is-layout-flow wp-block-column-is-layout-flow\" style=\"border-top-color:var(--wp--preset--color--ast-global-color-4);border-right-color:var(--wp--preset--color--ast-global-color-4);border-bottom-color:var(--wp--preset--color--ast-global-color-7);border-left-color:var(--wp--preset--color--ast-global-color-4)\">\n<figure class=\"wp-block-image size-full is-resized\"><img loading=\"lazy\" decoding=\"async\" src=\"https:\/\/ingenieriafyr.com\/wp-content\/uploads\/2023\/03\/Industrial-Maintenance-Programs.webp\" alt=\"\" class=\"wp-image-282\" width=\"379\" height=\"288\"\/><figcaption class=\"wp-element-caption\"><a rel=\"noreferrer noopener\" href=\"https:\/\/ingenieriafyr.com\/que-es-un-tanque-septico\/\" target=\"_blank\"><\/a><strong><a href=\"https:\/\/ingenieriafyr.com\/mantenimiento\/\"><mark style=\"background-color:rgba(0, 0, 0, 0)\" class=\"has-inline-color has-ast-global-color-4-color\">Mantenimiento<\/mark><\/a><\/strong><\/figcaption><\/figure>\n\n\n\n<p class=\"has-text-align-left\" style=\"font-size:12px\"><mark style=\"background-color:rgba(0, 0, 0, 0)\" class=\"has-inline-color has-ast-global-color-4-color\">El mantenimiento industrial es una herramienta imprescindible para el normal funcionamiento de cualquier empresa del sector industrial por su impacto directo en el proceso productivo&#8230;<\/mark><\/p>\n\n\n\n<p><a href=\"https:\/\/ingenieriafyr.com\/que-es-un-tanque-septico\/\" target=\"_blank\" rel=\"noreferrer noopener\"><mark style=\"background-color:rgba(0, 0, 0, 0)\" class=\"has-inline-color has-ast-global-color-7-color\">Leer m\u00e1s \u00bb<\/mark><\/a><\/p>\n<\/div>\n\n\n\n<div class=\"wp-block-column is-layout-flow wp-block-column-is-layout-flow\"><\/div>\n\n\n\n<div class=\"wp-block-column is-layout-flow wp-block-column-is-layout-flow\"><\/div>\n<\/div>\n<\/div>\n\n\n\n<div class=\"wp-block-cover alignfull\" style=\"padding-top:0;padding-right:0;padding-bottom:0;padding-left:0;min-height:372px;aspect-ratio:unset;\"><span aria-hidden=\"true\" class=\"wp-block-cover__background has-background-dim-0 has-background-dim\"><\/span><img loading=\"lazy\" decoding=\"async\" width=\"1920\" height=\"585\" class=\"wp-block-cover__image-background wp-image-137\" alt=\"\" src=\"https:\/\/ingenieriafyr.com\/wp-content\/uploads\/2023\/03\/banner_capacitaciones.webp\" data-object-fit=\"cover\" srcset=\"https:\/\/ingenieriafyr.com\/wp-content\/uploads\/2023\/03\/banner_capacitaciones.webp 1920w, https:\/\/ingenieriafyr.com\/wp-content\/uploads\/2023\/03\/banner_capacitaciones-300x91.webp 300w, https:\/\/ingenieriafyr.com\/wp-content\/uploads\/2023\/03\/banner_capacitaciones-1024x312.webp 1024w, https:\/\/ingenieriafyr.com\/wp-content\/uploads\/2023\/03\/banner_capacitaciones-768x234.webp 768w, https:\/\/ingenieriafyr.com\/wp-content\/uploads\/2023\/03\/banner_capacitaciones-1536x468.webp 1536w\" sizes=\"(max-width: 1920px) 100vw, 1920px\" \/><div class=\"wp-block-cover__inner-container is-layout-flow wp-block-cover-is-layout-flow\">\n<h2 class=\"wp-block-heading has-text-align-center has-large-font-size\" style=\"text-transform:uppercase\">Capacitaciones Y Seminarios<\/h2>\n\n\n\n<p class=\"has-text-align-center\">Realizamos:<br>&#8211; Cursos para operadores de gr\u00faa<br>&#8211; Capacitaci\u00f3n en el uso de nuestros sistemas<\/p>\n\n\n\n<div class=\"wp-block-buttons is-content-justification-center is-layout-flex wp-container-core-buttons-is-layout-a89b3969 wp-block-buttons-is-layout-flex\">\n<div class=\"wp-block-button\"><a class=\"wp-block-button__link wp-element-button\" style=\"border-radius:3px\">Escr\u00edbanos<\/a><\/div>\n<\/div>\n<\/div><\/div>\n\n\n\n<div class=\"wp-block-group alignfull has-background is-layout-constrained wp-container-core-group-is-layout-cfcca693 wp-block-group-is-layout-constrained\" id=\"contact\" style=\"background-color:#121212;padding-top:104px;padding-bottom:104px\">\n<div class=\"wp-block-columns alignfull are-vertically-aligned-center is-layout-flex wp-container-core-columns-is-layout-28f84493 wp-block-columns-is-layout-flex\">\n<div class=\"wp-block-column is-vertically-aligned-center is-layout-flow wp-block-column-is-layout-flow\">\n<figure class=\"wp-block-image size-full\"><img loading=\"lazy\" decoding=\"async\" width=\"144\" height=\"112\" src=\"https:\/\/ingenieriafyr.com\/wp-content\/uploads\/2023\/03\/cropped-Grupo-58-1.webp\" alt=\"\" class=\"wp-image-13\"\/><\/figure>\n<\/div>\n\n\n\n<div class=\"wp-block-column is-vertically-aligned-center is-layout-flow wp-block-column-is-layout-flow\">\n<div class=\"wp-block-columns is-layout-flex wp-container-core-columns-is-layout-28f84493 wp-block-columns-is-layout-flex\">\n<div class=\"wp-block-column is-layout-flow wp-block-column-is-layout-flow\">\n<h4 class=\"wp-block-heading\"><mark style=\"background-color:rgba(0, 0, 0, 0)\" class=\"has-inline-color has-ast-global-color-7-color\">Navegaci\u00f3n<\/mark><\/h4>\n\n\n\n<div style=\"height:1px\" aria-hidden=\"true\" class=\"wp-block-spacer\"><\/div>\n\n\n\n<div class=\"wp-block-columns is-layout-flex wp-container-core-columns-is-layout-28f84493 wp-block-columns-is-layout-flex\">\n<div class=\"wp-block-column is-layout-flow wp-block-column-is-layout-flow\">\n<div class=\"wp-block-group is-vertical is-layout-flex wp-container-core-group-is-layout-fe9cc265 wp-block-group-is-layout-flex\">\n<p class=\"has-ast-global-color-4-color has-text-color\" style=\"font-size:16px\"><strong><mark style=\"background-color:rgba(0, 0, 0, 0)\" class=\"has-inline-color has-ast-global-color-4-color\"><a href=\"https:\/\/ingenieriafyr.com\" data-type=\"URL\" data-id=\"https:\/\/ingenieriafyr.com\">INICIO<\/a><\/mark><\/strong><\/p>\n\n\n\n<p style=\"font-size:16px\"><strong><mark style=\"background-color:rgba(0, 0, 0, 0)\" class=\"has-inline-color has-ast-global-color-4-color\"><a href=\"https:\/\/ingenieriafyr.com\/?page_id=208\" data-type=\"URL\" data-id=\"https:\/\/ingenieriafyr.com\/?page_id=208\">NOSOTROS<\/a><\/mark><\/strong><\/p>\n\n\n\n<p style=\"font-size:16px\"><strong><mark style=\"background-color:rgba(0, 0, 0, 0)\" class=\"has-inline-color has-ast-global-color-4-color\"><a href=\"https:\/\/ingenieriafyr.com\/?page_id=224\" data-type=\"URL\" data-id=\"https:\/\/ingenieriafyr.com\/?page_id=224\">PRODUCTOS<\/a><\/mark><\/strong><\/p>\n\n\n\n<p style=\"font-size:16px\"><strong><mark style=\"background-color:rgba(0, 0, 0, 0)\" class=\"has-inline-color has-ast-global-color-4-color\"><a href=\"https:\/\/ingenieriafyr.com\/?page_id=237\" data-type=\"URL\" data-id=\"https:\/\/ingenieriafyr.com\/?page_id=237\">SERVICIOS<\/a><\/mark><\/strong><\/p>\n<\/div>\n<\/div>\n\n\n\n<div class=\"wp-block-column is-layout-flow wp-block-column-is-layout-flow\">\n<div class=\"wp-block-group is-vertical is-layout-flex wp-container-core-group-is-layout-fe9cc265 wp-block-group-is-layout-flex\">\n<p style=\"font-size:16px\"><strong><mark style=\"background-color:rgba(0, 0, 0, 0)\" class=\"has-inline-color has-ast-global-color-4-color\"><a href=\"https:\/\/ingenieriafyr.com\/?page_id=250\" data-type=\"URL\" data-id=\"https:\/\/ingenieriafyr.com\/?page_id=250\">PROYECTOS<\/a><\/mark><\/strong><\/p>\n\n\n\n<p style=\"font-size:16px\"><strong><mark style=\"background-color:rgba(0, 0, 0, 0)\" class=\"has-inline-color has-ast-global-color-4-color\"><a href=\"https:\/\/ingenieriafyr.com\/blog\/\" data-type=\"URL\" data-id=\"https:\/\/ingenieriafyr.com\/blog\/\">BLOG<\/a><\/mark><\/strong><\/p>\n\n\n\n<p style=\"font-size:16px\"><mark style=\"background-color:rgba(0, 0, 0, 0)\" class=\"has-inline-color has-ast-global-color-4-color\"><strong><a href=\"https:\/\/ingenieriafyr.com\/?page_id=285\" data-type=\"URL\" data-id=\"https:\/\/ingenieriafyr.com\/?page_id=285\">CONTACTO<\/a><\/strong><\/mark><\/p>\n<\/div>\n<\/div>\n<\/div>\n<\/div>\n<\/div>\n<\/div>\n\n\n\n<div class=\"wp-block-column is-vertically-aligned-center is-layout-flow wp-block-column-is-layout-flow\">\n<div class=\"wp-block-columns is-layout-flex wp-container-core-columns-is-layout-28f84493 wp-block-columns-is-layout-flex\">\n<div class=\"wp-block-column is-layout-flow wp-block-column-is-layout-flow\" style=\"padding-top:0px;padding-right:0px;padding-bottom:0px;padding-left:0px;flex-basis:430px\">\n<h4 class=\"wp-block-heading\"><mark style=\"background-color:rgba(0, 0, 0, 0)\" class=\"has-inline-color has-ast-global-color-7-color\">Contacto<\/mark><\/h4>\n\n\n\n<div style=\"height:12px\" aria-hidden=\"true\" class=\"wp-block-spacer\"><\/div>\n\n\n\n<div class=\"wp-block-media-text alignwide is-stacked-on-mobile\" style=\"grid-template-columns:15% auto\"><figure class=\"wp-block-media-text__media\"><img loading=\"lazy\" decoding=\"async\" width=\"35\" height=\"35\" src=\"https:\/\/ingenieriafyr.com\/wp-content\/uploads\/2023\/03\/telefono_transp-2.webp\" alt=\"\" class=\"wp-image-175 size-full\"\/><\/figure><div class=\"wp-block-media-text__content\">\n<p><strong><mark style=\"background-color:rgba(0, 0, 0, 0)\" class=\"has-inline-color has-ast-global-color-4-color\">(+506) 4706-0549<\/mark><\/strong><\/p>\n<\/div><\/div>\n\n\n\n<div class=\"wp-block-media-text alignwide is-stacked-on-mobile\" style=\"grid-template-columns:15% auto\"><figure class=\"wp-block-media-text__media\"><img loading=\"lazy\" decoding=\"async\" width=\"36\" height=\"36\" src=\"https:\/\/ingenieriafyr.com\/wp-content\/uploads\/2023\/03\/correo_transp-1.webp\" alt=\"\" class=\"wp-image-176 size-full\"\/><\/figure><div class=\"wp-block-media-text__content\">\n<p><mark style=\"background-color:rgba(0, 0, 0, 0)\" class=\"has-inline-color has-ast-global-color-4-color\">info@ingenieriafyr.com<\/mark><\/p>\n<\/div><\/div>\n\n\n\n<div class=\"wp-block-media-text alignwide is-stacked-on-mobile\" style=\"grid-template-columns:15% auto\"><figure class=\"wp-block-media-text__media\"><img loading=\"lazy\" decoding=\"async\" width=\"36\" height=\"36\" src=\"https:\/\/ingenieriafyr.com\/wp-content\/uploads\/2023\/03\/ubicacion_transp-1.webp\" alt=\"\" class=\"wp-image-177 size-full\"\/><\/figure><div class=\"wp-block-media-text__content\">\n<p><strong><mark style=\"background-color:rgba(0, 0, 0, 0)\" class=\"has-inline-color has-ast-global-color-4-color\">San Jos\u00e9, Costa Rica<\/mark><\/strong><\/p>\n<\/div><\/div>\n<\/div>\n<\/div>\n<\/div>\n<\/div>\n\n\n\n<p><strong><mark style=\"background-color:rgba(0, 0, 0, 0)\" class=\"has-inline-color has-ast-global-color-4-color\">\u00a9 2022 INGENIERIA F&amp;R\u2013 Todos los derechos reservados<\/mark><\/strong><\/p>\n<\/div>\n","protected":false},"excerpt":{"rendered":"<p>Encuentra m\u00e1s informaci\u00f3n Por lo general, un tanque s\u00e9ptico se encuentra a un lado o en la parte posterior de su propiedad. Es un contenedor utilizado para almacenar&#8230; Leer m\u00e1s \u00bb Obtener la huella de carbono de una empresa a cero se est\u00e1 convirtiendo en una prioridad para muchas empresas y gobiernos. Las empresas ahora [&hellip;]<\/p>\n","protected":false},"author":2,"featured_media":0,"parent":0,"menu_order":0,"comment_status":"closed","ping_status":"closed","template":"","meta":{"site-sidebar-layout":"default","site-content-layout":"","ast-site-content-layout":"default","site-content-style":"default","site-sidebar-style":"default","ast-global-header-display":"","ast-banner-title-visibility":"","ast-main-header-display":"","ast-hfb-above-header-display":"","ast-hfb-below-header-display":"","ast-hfb-mobile-header-display":"","site-post-title":"disabled","ast-breadcrumbs-content":"","ast-featured-img":"","footer-sml-layout":"","theme-transparent-header-meta":"","adv-header-id-meta":"","stick-header-meta":"","header-above-stick-meta":"","header-main-stick-meta":"","header-below-stick-meta":"","astra-migrate-meta-layouts":"default","ast-page-background-enabled":"default","ast-page-background-meta":{"desktop":{"background-color":"var(--ast-global-color-4)","background-image":"","background-repeat":"repeat","background-position":"center center","background-size":"auto","background-attachment":"scroll","background-type":"","background-media":"","overlay-type":"","overlay-color":"","overlay-opacity":"","overlay-gradient":""},"tablet":{"background-color":"","background-image":"","background-repeat":"repeat","background-position":"center center","background-size":"auto","background-attachment":"scroll","background-type":"","background-media":"","overlay-type":"","overlay-color":"","overlay-opacity":"","overlay-gradient":""},"mobile":{"background-color":"","background-image":"","background-repeat":"repeat","background-position":"center center","background-size":"auto","background-attachment":"scroll","background-type":"","background-media":"","overlay-type":"","overlay-color":"","overlay-opacity":"","overlay-gradient":""}},"ast-content-background-meta":{"desktop":{"background-color":"var(--ast-global-color-5)","background-image":"","background-repeat":"repeat","background-position":"center center","background-size":"auto","background-attachment":"scroll","background-type":"","background-media":"","overlay-type":"","overlay-color":"","overlay-opacity":"","overlay-gradient":""},"tablet":{"background-color":"var(--ast-global-color-5)","background-image":"","background-repeat":"repeat","background-position":"center center","background-size":"auto","background-attachment":"scroll","background-type":"","background-media":"","overlay-type":"","overlay-color":"","overlay-opacity":"","overlay-gradient":""},"mobile":{"background-color":"var(--ast-global-color-5)","background-image":"","background-repeat":"repeat","background-position":"center center","background-size":"auto","background-attachment":"scroll","background-type":"","background-media":"","overlay-type":"","overlay-color":"","overlay-opacity":"","overlay-gradient":""}},"footnotes":""},"class_list":["post-277","page","type-page","status-publish","hentry"],"_links":{"self":[{"href":"https:\/\/ingenieriafyr.com\/index.php?rest_route=\/wp\/v2\/pages\/277","targetHints":{"allow":["GET"]}}],"collection":[{"href":"https:\/\/ingenieriafyr.com\/index.php?rest_route=\/wp\/v2\/pages"}],"about":[{"href":"https:\/\/ingenieriafyr.com\/index.php?rest_route=\/wp\/v2\/types\/page"}],"author":[{"embeddable":true,"href":"https:\/\/ingenieriafyr.com\/index.php?rest_route=\/wp\/v2\/users\/2"}],"replies":[{"embeddable":true,"href":"https:\/\/ingenieriafyr.com\/index.php?rest_route=%2Fwp%2Fv2%2Fcomments&post=277"}],"version-history":[{"count":5,"href":"https:\/\/ingenieriafyr.com\/index.php?rest_route=\/wp\/v2\/pages\/277\/revisions"}],"predecessor-version":[{"id":323,"href":"https:\/\/ingenieriafyr.com\/index.php?rest_route=\/wp\/v2\/pages\/277\/revisions\/323"}],"wp:attachment":[{"href":"https:\/\/ingenieriafyr.com\/index.php?rest_route=%2Fwp%2Fv2%2Fmedia&parent=277"}],"curies":[{"name":"wp","href":"https:\/\/api.w.org\/{rel}","templated":true}]}}