{"id":208,"date":"2023-03-19T21:47:33","date_gmt":"2023-03-19T21:47:33","guid":{"rendered":"https:\/\/ingenieriafyr.com\/?page_id=208"},"modified":"2023-04-23T08:38:25","modified_gmt":"2023-04-23T08:38:25","slug":"home-2","status":"publish","type":"page","link":"https:\/\/ingenieriafyr.com\/?page_id=208","title":{"rendered":"About us"},"content":{"rendered":"\n<div class=\"wp-block-cover alignfull\" style=\"margin-top:0;margin-bottom:0;padding-top:0;padding-right:0;padding-bottom:0;padding-left:0;min-height:438px;aspect-ratio:unset;\"><span aria-hidden=\"true\" class=\"wp-block-cover__background has-background-dim-0 has-background-dim\"><\/span><img fetchpriority=\"high\" decoding=\"async\" width=\"1920\" height=\"667\" class=\"wp-block-cover__image-background wp-image-205\" alt=\"\" src=\"https:\/\/ingenieriafyr.com\/wp-content\/uploads\/2023\/03\/banner_nosotros-1.webp\" style=\"object-position:63% 42%\" data-object-fit=\"cover\" data-object-position=\"63% 42%\" srcset=\"https:\/\/ingenieriafyr.com\/wp-content\/uploads\/2023\/03\/banner_nosotros-1.webp 1920w, https:\/\/ingenieriafyr.com\/wp-content\/uploads\/2023\/03\/banner_nosotros-1-300x104.webp 300w, https:\/\/ingenieriafyr.com\/wp-content\/uploads\/2023\/03\/banner_nosotros-1-1024x356.webp 1024w, https:\/\/ingenieriafyr.com\/wp-content\/uploads\/2023\/03\/banner_nosotros-1-768x267.webp 768w, https:\/\/ingenieriafyr.com\/wp-content\/uploads\/2023\/03\/banner_nosotros-1-1536x534.webp 1536w\" sizes=\"(max-width: 1920px) 100vw, 1920px\" \/><div class=\"wp-block-cover__inner-container is-layout-flow wp-block-cover-is-layout-flow\">\n<div class=\"inherit-container-width wp-block-group is-layout-constrained wp-container-core-group-is-layout-b4f66837 wp-block-group-is-layout-constrained\" style=\"padding-top:var(--wp--preset--spacing--40);padding-right:var(--wp--preset--spacing--40);padding-bottom:var(--wp--preset--spacing--40);padding-left:var(--wp--preset--spacing--40)\">\n<h1 class=\"wp-block-heading has-text-align-center has-white-color has-text-color\" id=\"about-us\" style=\"text-transform:uppercase\">\u00bfQui\u00e9nes Somos?<\/h1>\n\n\n\n<hr class=\"wp-block-separator aligncenter has-text-color has-ast-global-color-7-color has-alpha-channel-opacity has-ast-global-color-7-background-color has-background is-style-wide\"\/>\n<\/div>\n<\/div><\/div>\n\n\n\n<div class=\"wp-block-group alignfull has-background is-content-justification-center is-layout-constrained wp-container-core-group-is-layout-bdac254c wp-block-group-is-layout-constrained\" style=\"background-color:#121212;padding-top:var(--wp--preset--spacing--80);padding-bottom:39px\">\n<div class=\"wp-block-media-text has-media-on-the-right is-stacked-on-mobile is-vertically-aligned-center\" style=\"grid-template-columns:auto 45%\"><div class=\"wp-block-media-text__content\">\n<div class=\"inherit-container-width wp-block-group is-layout-constrained wp-container-core-group-is-layout-47ce07ec wp-block-group-is-layout-constrained\" style=\"padding-right:80px\">\n<h2 class=\"wp-block-heading\" style=\"padding-top:0;padding-right:0px;padding-bottom:0;font-size:30px;text-transform:uppercase\"><mark style=\"background-color:rgba(0, 0, 0, 0)\" class=\"has-inline-color has-ast-global-color-4-color\"><mark style=\"background-color:rgba(0, 0, 0, 0)\" class=\"has-inline-color has-ast-global-color-4-color\"><mark style=\"background-color:rgba(0, 0, 0, 0)\" class=\"has-inline-color has-ast-global-color-4-color\">PERFIL EMPRESARIAL<\/mark><\/mark><\/mark><\/h2>\n\n\n\n<hr class=\"wp-block-separator has-text-color has-alpha-channel-opacity has-background is-style-wide\" style=\"background-color:#ffd400;color:#ffd400\"\/>\n\n\n\n<p style=\"font-size:16px\"><mark style=\"background-color:rgba(0, 0, 0, 0)\" class=\"has-inline-color has-ast-global-color-4-color\">Somos l\u00edderes en innovaci\u00f3n para soluciones de ingenier\u00eda en la b\u00fasqueda de optimizaci\u00f3n de procesos de manera m\u00e1s efectiva, pr\u00e1ctica y nueva empresa dedicada a soluciones industriales de mayor y menor escala, con 18 a\u00f1os de experiencia a nivel industrial.<\/mark><\/p>\n<\/div>\n<\/div><figure class=\"wp-block-media-text__media\"><img decoding=\"async\" width=\"829\" height=\"595\" src=\"https:\/\/ingenieriafyr.com\/wp-content\/uploads\/2023\/03\/perfil_empresarial-1.webp\" alt=\"\" class=\"wp-image-215 size-full\" srcset=\"https:\/\/ingenieriafyr.com\/wp-content\/uploads\/2023\/03\/perfil_empresarial-1.webp 829w, https:\/\/ingenieriafyr.com\/wp-content\/uploads\/2023\/03\/perfil_empresarial-1-300x215.webp 300w, https:\/\/ingenieriafyr.com\/wp-content\/uploads\/2023\/03\/perfil_empresarial-1-768x551.webp 768w\" sizes=\"(max-width: 829px) 100vw, 829px\" \/><\/figure><\/div>\n<\/div>\n\n\n\n<div class=\"wp-block-group alignfull has-background is-content-justification-center is-layout-constrained wp-container-core-group-is-layout-990f7951 wp-block-group-is-layout-constrained\" style=\"background-color:#121212;padding-top:var(--wp--preset--spacing--30);padding-bottom:39px\">\n<div class=\"wp-block-media-text is-stacked-on-mobile is-vertically-aligned-center\" style=\"grid-template-columns:45% auto\"><figure class=\"wp-block-media-text__media\"><img decoding=\"async\" width=\"829\" height=\"595\" src=\"https:\/\/ingenieriafyr.com\/wp-content\/uploads\/2023\/03\/mision.webp\" alt=\"\" class=\"wp-image-216 size-full\" srcset=\"https:\/\/ingenieriafyr.com\/wp-content\/uploads\/2023\/03\/mision.webp 829w, https:\/\/ingenieriafyr.com\/wp-content\/uploads\/2023\/03\/mision-300x215.webp 300w, https:\/\/ingenieriafyr.com\/wp-content\/uploads\/2023\/03\/mision-768x551.webp 768w\" sizes=\"(max-width: 829px) 100vw, 829px\" \/><\/figure><div class=\"wp-block-media-text__content\">\n<div class=\"inherit-container-width wp-block-group is-layout-constrained wp-container-core-group-is-layout-47ce07ec wp-block-group-is-layout-constrained\" style=\"padding-right:80px\">\n<h2 class=\"wp-block-heading\" style=\"padding-top:0;padding-right:100px;padding-bottom:0;font-size:30px;text-transform:uppercase\"><mark style=\"background-color:rgba(0, 0, 0, 0)\" class=\"has-inline-color has-ast-global-color-4-color\">Misi\u00f3n<\/mark><\/h2>\n\n\n\n<hr class=\"wp-block-separator has-text-color has-vivid-cyan-blue-color has-alpha-channel-opacity has-vivid-cyan-blue-background-color has-background is-style-wide\"\/>\n\n\n\n<p style=\"font-size:16px\"><mark style=\"background-color:rgba(0, 0, 0, 0)\" class=\"has-inline-color has-ast-global-color-4-color\">Nuestra misi\u00f3n es implementar proyectos de bajo consumo de emisiones de carbono a nivel industrial. Lograr la implementaci\u00f3n de productos que promueven la eficiencia en procesos industriales como: automatizaci\u00f3n, electromec\u00e1nica, arquitectura e ingenier\u00eda.<\/mark><\/p>\n<\/div>\n<\/div><\/div>\n<\/div>\n\n\n\n<div class=\"wp-block-group alignfull has-background is-content-justification-center is-layout-constrained wp-container-core-group-is-layout-15d2b9a5 wp-block-group-is-layout-constrained\" style=\"background-color:#121212;padding-top:var(--wp--preset--spacing--30);padding-bottom:79px\">\n<div class=\"wp-block-media-text has-media-on-the-right is-stacked-on-mobile is-vertically-aligned-center\" style=\"grid-template-columns:auto 45%\"><div class=\"wp-block-media-text__content\">\n<div class=\"inherit-container-width wp-block-group is-layout-constrained wp-container-core-group-is-layout-47ce07ec wp-block-group-is-layout-constrained\" style=\"padding-right:80px\">\n<h2 class=\"wp-block-heading\" style=\"padding-top:0;padding-right:100px;padding-bottom:0;font-size:30px;text-transform:uppercase\"><mark style=\"background-color:rgba(0, 0, 0, 0)\" class=\"has-inline-color has-ast-global-color-4-color\">Visi\u00f3n<\/mark><\/h2>\n\n\n\n<hr class=\"wp-block-separator has-text-color has-alpha-channel-opacity has-background is-style-wide\" style=\"background-color:#ffd400;color:#ffd400\"\/>\n\n\n\n<p style=\"font-size:16px\"><mark style=\"background-color:rgba(0, 0, 0, 0)\" class=\"has-inline-color has-ast-global-color-4-color\">Somos l\u00edderes en soluciones de ingenier\u00eda e innovaci\u00f3n que busca ayudar a nuestros clientes a tener procesos de manera m\u00e1s efectiva, pr\u00e1ctica y nueva.<\/mark><\/p>\n<\/div>\n<\/div><figure class=\"wp-block-media-text__media\"><img loading=\"lazy\" decoding=\"async\" width=\"829\" height=\"595\" src=\"https:\/\/ingenieriafyr.com\/wp-content\/uploads\/2023\/03\/vision.webp\" alt=\"\" class=\"wp-image-217 size-full\" srcset=\"https:\/\/ingenieriafyr.com\/wp-content\/uploads\/2023\/03\/vision.webp 829w, https:\/\/ingenieriafyr.com\/wp-content\/uploads\/2023\/03\/vision-300x215.webp 300w, https:\/\/ingenieriafyr.com\/wp-content\/uploads\/2023\/03\/vision-768x551.webp 768w\" sizes=\"(max-width: 829px) 100vw, 829px\" \/><\/figure><\/div>\n<\/div>\n\n\n\n<div class=\"wp-block-cover alignfull\" style=\"padding-top:0;padding-right:0;padding-bottom:0;padding-left:0;min-height:372px;aspect-ratio:unset;\"><span aria-hidden=\"true\" class=\"wp-block-cover__background has-background-dim-0 has-background-dim\"><\/span><img loading=\"lazy\" decoding=\"async\" width=\"1920\" height=\"585\" class=\"wp-block-cover__image-background wp-image-137\" alt=\"\" src=\"https:\/\/ingenieriafyr.com\/wp-content\/uploads\/2023\/03\/banner_capacitaciones.webp\" data-object-fit=\"cover\" srcset=\"https:\/\/ingenieriafyr.com\/wp-content\/uploads\/2023\/03\/banner_capacitaciones.webp 1920w, https:\/\/ingenieriafyr.com\/wp-content\/uploads\/2023\/03\/banner_capacitaciones-300x91.webp 300w, https:\/\/ingenieriafyr.com\/wp-content\/uploads\/2023\/03\/banner_capacitaciones-1024x312.webp 1024w, https:\/\/ingenieriafyr.com\/wp-content\/uploads\/2023\/03\/banner_capacitaciones-768x234.webp 768w, https:\/\/ingenieriafyr.com\/wp-content\/uploads\/2023\/03\/banner_capacitaciones-1536x468.webp 1536w\" sizes=\"(max-width: 1920px) 100vw, 1920px\" \/><div class=\"wp-block-cover__inner-container is-layout-flow wp-block-cover-is-layout-flow\">\n<h2 class=\"wp-block-heading has-text-align-center has-large-font-size\" style=\"text-transform:uppercase\">Capacitaciones Y Seminarios<\/h2>\n\n\n\n<p class=\"has-text-align-center\">Realizamos:<br>&#8211; Cursos para operadores de gr\u00faa<br>&#8211; Capacitaci\u00f3n en el uso de nuestros sistemas<\/p>\n\n\n\n<div class=\"wp-block-buttons is-content-justification-center is-layout-flex wp-container-core-buttons-is-layout-a89b3969 wp-block-buttons-is-layout-flex\">\n<div class=\"wp-block-button\"><a class=\"wp-block-button__link has-background wp-element-button\" style=\"border-radius:3px;background-color:#ffd400\">Escr\u00edbanos<\/a><\/div>\n<\/div>\n<\/div><\/div>\n\n\n\n<div class=\"wp-block-group alignfull has-background is-layout-constrained wp-container-core-group-is-layout-cfcca693 wp-block-group-is-layout-constrained\" id=\"contact\" style=\"background-color:#121212;padding-top:104px;padding-bottom:104px\">\n<div class=\"wp-block-columns alignfull are-vertically-aligned-center is-layout-flex wp-container-core-columns-is-layout-28f84493 wp-block-columns-is-layout-flex\">\n<div class=\"wp-block-column is-vertically-aligned-center is-layout-flow wp-block-column-is-layout-flow\">\n<figure class=\"wp-block-image size-full\"><img loading=\"lazy\" decoding=\"async\" width=\"144\" height=\"112\" src=\"https:\/\/ingenieriafyr.com\/wp-content\/uploads\/2023\/03\/cropped-Grupo-58-1.webp\" alt=\"\" class=\"wp-image-13\"\/><\/figure>\n<\/div>\n\n\n\n<div class=\"wp-block-column is-vertically-aligned-center is-layout-flow wp-block-column-is-layout-flow\">\n<div class=\"wp-block-columns is-layout-flex wp-container-core-columns-is-layout-28f84493 wp-block-columns-is-layout-flex\">\n<div class=\"wp-block-column is-layout-flow wp-block-column-is-layout-flow\">\n<h4 class=\"wp-block-heading\"><mark style=\"background-color:rgba(0, 0, 0, 0)\" class=\"has-inline-color has-ast-global-color-7-color\">Navegaci\u00f3n<\/mark><\/h4>\n\n\n\n<div style=\"height:1px\" aria-hidden=\"true\" class=\"wp-block-spacer\"><\/div>\n\n\n\n<div class=\"wp-block-columns is-layout-flex wp-container-core-columns-is-layout-28f84493 wp-block-columns-is-layout-flex\">\n<div class=\"wp-block-column is-layout-flow wp-block-column-is-layout-flow\">\n<div class=\"wp-block-group is-vertical is-layout-flex wp-container-core-group-is-layout-fe9cc265 wp-block-group-is-layout-flex\">\n<p class=\"has-ast-global-color-4-color has-text-color\" style=\"font-size:16px\"><strong><mark style=\"background-color:rgba(0, 0, 0, 0)\" class=\"has-inline-color has-ast-global-color-4-color\"><a href=\"https:\/\/ingenieriafyr.com\" data-type=\"URL\" data-id=\"https:\/\/ingenieriafyr.com\">INICIO<\/a><\/mark><\/strong><\/p>\n\n\n\n<p style=\"font-size:16px\"><strong><mark style=\"background-color:rgba(0, 0, 0, 0)\" class=\"has-inline-color has-ast-global-color-4-color\"><a href=\"https:\/\/ingenieriafyr.com\/?page_id=208\" data-type=\"URL\" data-id=\"https:\/\/ingenieriafyr.com\/?page_id=208\">NOSOTROS<\/a><\/mark><\/strong><\/p>\n\n\n\n<p style=\"font-size:16px\"><strong><mark style=\"background-color:rgba(0, 0, 0, 0)\" class=\"has-inline-color has-ast-global-color-4-color\"><a href=\"https:\/\/ingenieriafyr.com\/?page_id=224\" data-type=\"URL\" data-id=\"https:\/\/ingenieriafyr.com\/?page_id=224\">PRODUCTOS<\/a><\/mark><\/strong><\/p>\n\n\n\n<p style=\"font-size:16px\"><strong><mark style=\"background-color:rgba(0, 0, 0, 0)\" class=\"has-inline-color has-ast-global-color-4-color\"><a href=\"https:\/\/ingenieriafyr.com\/?page_id=237\" data-type=\"URL\" data-id=\"https:\/\/ingenieriafyr.com\/?page_id=237\">SERVICIOS<\/a><\/mark><\/strong><\/p>\n<\/div>\n<\/div>\n\n\n\n<div class=\"wp-block-column is-layout-flow wp-block-column-is-layout-flow\">\n<div class=\"wp-block-group is-vertical is-layout-flex wp-container-core-group-is-layout-fe9cc265 wp-block-group-is-layout-flex\">\n<p style=\"font-size:16px\"><strong><mark style=\"background-color:rgba(0, 0, 0, 0)\" class=\"has-inline-color has-ast-global-color-4-color\"><a href=\"https:\/\/ingenieriafyr.com\/?page_id=250\" data-type=\"URL\" data-id=\"https:\/\/ingenieriafyr.com\/?page_id=250\">PROYECTOS<\/a><\/mark><\/strong><\/p>\n\n\n\n<p style=\"font-size:16px\"><strong><mark style=\"background-color:rgba(0, 0, 0, 0)\" class=\"has-inline-color has-ast-global-color-4-color\"><a href=\"https:\/\/ingenieriafyr.com\/blog\/\" data-type=\"URL\" data-id=\"https:\/\/ingenieriafyr.com\/blog\/\">BLOG<\/a><\/mark><\/strong><\/p>\n\n\n\n<p style=\"font-size:16px\"><mark style=\"background-color:rgba(0, 0, 0, 0)\" class=\"has-inline-color has-ast-global-color-4-color\"><strong><a href=\"https:\/\/ingenieriafyr.com\/?page_id=285\" data-type=\"URL\" data-id=\"https:\/\/ingenieriafyr.com\/?page_id=285\">CONTACTO<\/a><\/strong><\/mark><\/p>\n<\/div>\n<\/div>\n<\/div>\n<\/div>\n<\/div>\n<\/div>\n\n\n\n<div class=\"wp-block-column is-vertically-aligned-center is-layout-flow wp-block-column-is-layout-flow\">\n<div class=\"wp-block-columns is-layout-flex wp-container-core-columns-is-layout-28f84493 wp-block-columns-is-layout-flex\">\n<div class=\"wp-block-column is-layout-flow wp-block-column-is-layout-flow\" style=\"padding-top:0px;padding-right:0px;padding-bottom:0px;padding-left:0px;flex-basis:430px\">\n<h4 class=\"wp-block-heading\"><mark style=\"background-color:rgba(0, 0, 0, 0);color:#ffd400\" class=\"has-inline-color\">Contacto<\/mark><\/h4>\n\n\n\n<div style=\"height:1px\" aria-hidden=\"true\" class=\"wp-block-spacer\"><\/div>\n\n\n\n<div class=\"wp-block-media-text alignwide is-stacked-on-mobile\" style=\"grid-template-columns:15% auto\"><figure class=\"wp-block-media-text__media\"><img loading=\"lazy\" decoding=\"async\" width=\"35\" height=\"35\" src=\"https:\/\/ingenieriafyr.com\/wp-content\/uploads\/2023\/03\/telefono_transp-2.webp\" alt=\"\" class=\"wp-image-175 size-full\"\/><\/figure><div class=\"wp-block-media-text__content\">\n<p><strong><mark style=\"background-color:rgba(0, 0, 0, 0)\" class=\"has-inline-color has-ast-global-color-4-color\">(+506) 4706-0549<\/mark><\/strong><\/p>\n<\/div><\/div>\n\n\n\n<div class=\"wp-block-media-text alignwide is-stacked-on-mobile\" style=\"grid-template-columns:15% auto\"><figure class=\"wp-block-media-text__media\"><img loading=\"lazy\" decoding=\"async\" width=\"36\" height=\"36\" src=\"https:\/\/ingenieriafyr.com\/wp-content\/uploads\/2023\/03\/correo_transp-1.webp\" alt=\"\" class=\"wp-image-176 size-full\"\/><\/figure><div class=\"wp-block-media-text__content\">\n<p><mark style=\"background-color:rgba(0, 0, 0, 0)\" class=\"has-inline-color has-ast-global-color-4-color\">info@ingenieriafyr.com<\/mark><\/p>\n<\/div><\/div>\n\n\n\n<div class=\"wp-block-media-text alignwide is-stacked-on-mobile\" style=\"grid-template-columns:15% auto\"><figure class=\"wp-block-media-text__media\"><img loading=\"lazy\" decoding=\"async\" width=\"36\" height=\"36\" src=\"https:\/\/ingenieriafyr.com\/wp-content\/uploads\/2023\/03\/ubicacion_transp-1.webp\" alt=\"\" class=\"wp-image-177 size-full\"\/><\/figure><div class=\"wp-block-media-text__content\">\n<p><strong><mark style=\"background-color:rgba(0, 0, 0, 0)\" class=\"has-inline-color has-ast-global-color-4-color\">San Jos\u00e9, Costa Rica<\/mark><\/strong><\/p>\n<\/div><\/div>\n<\/div>\n<\/div>\n<\/div>\n<\/div>\n\n\n\n<p><strong><mark style=\"background-color:rgba(0, 0, 0, 0)\" class=\"has-inline-color has-ast-global-color-4-color\">\u00a9 2022 INGENIERIA F&amp;R\u2013 Todos los derechos reservados<\/mark><\/strong><\/p>\n<\/div>\n","protected":false},"excerpt":{"rendered":"<p>PERFIL EMPRESARIAL Somos l\u00edderes en innovaci\u00f3n para soluciones de ingenier\u00eda en la b\u00fasqueda de optimizaci\u00f3n de procesos de manera m\u00e1s efectiva, pr\u00e1ctica y nueva empresa dedicada a soluciones industriales de mayor y menor escala, con 18 a\u00f1os de experiencia a nivel industrial. Misi\u00f3n Nuestra misi\u00f3n es implementar proyectos de bajo consumo de emisiones de carbono [&hellip;]<\/p>\n","protected":false},"author":2,"featured_media":0,"parent":0,"menu_order":0,"comment_status":"closed","ping_status":"closed","template":"","meta":{"site-sidebar-layout":"default","site-content-layout":"","ast-site-content-layout":"default","site-content-style":"default","site-sidebar-style":"default","ast-global-header-display":"","ast-banner-title-visibility":"","ast-main-header-display":"","ast-hfb-above-header-display":"","ast-hfb-below-header-display":"","ast-hfb-mobile-header-display":"","site-post-title":"disabled","ast-breadcrumbs-content":"","ast-featured-img":"","footer-sml-layout":"","theme-transparent-header-meta":"","adv-header-id-meta":"","stick-header-meta":"","header-above-stick-meta":"","header-main-stick-meta":"","header-below-stick-meta":"","astra-migrate-meta-layouts":"default","ast-page-background-enabled":"default","ast-page-background-meta":{"desktop":{"background-color":"var(--ast-global-color-4)","background-image":"","background-repeat":"repeat","background-position":"center center","background-size":"auto","background-attachment":"scroll","background-type":"","background-media":"","overlay-type":"","overlay-color":"","overlay-opacity":"","overlay-gradient":""},"tablet":{"background-color":"","background-image":"","background-repeat":"repeat","background-position":"center center","background-size":"auto","background-attachment":"scroll","background-type":"","background-media":"","overlay-type":"","overlay-color":"","overlay-opacity":"","overlay-gradient":""},"mobile":{"background-color":"","background-image":"","background-repeat":"repeat","background-position":"center center","background-size":"auto","background-attachment":"scroll","background-type":"","background-media":"","overlay-type":"","overlay-color":"","overlay-opacity":"","overlay-gradient":""}},"ast-content-background-meta":{"desktop":{"background-color":"var(--ast-global-color-5)","background-image":"","background-repeat":"repeat","background-position":"center center","background-size":"auto","background-attachment":"scroll","background-type":"","background-media":"","overlay-type":"","overlay-color":"","overlay-opacity":"","overlay-gradient":""},"tablet":{"background-color":"var(--ast-global-color-5)","background-image":"","background-repeat":"repeat","background-position":"center center","background-size":"auto","background-attachment":"scroll","background-type":"","background-media":"","overlay-type":"","overlay-color":"","overlay-opacity":"","overlay-gradient":""},"mobile":{"background-color":"var(--ast-global-color-5)","background-image":"","background-repeat":"repeat","background-position":"center center","background-size":"auto","background-attachment":"scroll","background-type":"","background-media":"","overlay-type":"","overlay-color":"","overlay-opacity":"","overlay-gradient":""}},"footnotes":""},"class_list":["post-208","page","type-page","status-publish","hentry"],"_links":{"self":[{"href":"https:\/\/ingenieriafyr.com\/index.php?rest_route=\/wp\/v2\/pages\/208","targetHints":{"allow":["GET"]}}],"collection":[{"href":"https:\/\/ingenieriafyr.com\/index.php?rest_route=\/wp\/v2\/pages"}],"about":[{"href":"https:\/\/ingenieriafyr.com\/index.php?rest_route=\/wp\/v2\/types\/page"}],"author":[{"embeddable":true,"href":"https:\/\/ingenieriafyr.com\/index.php?rest_route=\/wp\/v2\/users\/2"}],"replies":[{"embeddable":true,"href":"https:\/\/ingenieriafyr.com\/index.php?rest_route=%2Fwp%2Fv2%2Fcomments&post=208"}],"version-history":[{"count":13,"href":"https:\/\/ingenieriafyr.com\/index.php?rest_route=\/wp\/v2\/pages\/208\/revisions"}],"predecessor-version":[{"id":322,"href":"https:\/\/ingenieriafyr.com\/index.php?rest_route=\/wp\/v2\/pages\/208\/revisions\/322"}],"wp:attachment":[{"href":"https:\/\/ingenieriafyr.com\/index.php?rest_route=%2Fwp%2Fv2%2Fmedia&parent=208"}],"curies":[{"name":"wp","href":"https:\/\/api.w.org\/{rel}","templated":true}]}}